{"id":506,"date":"2026-04-17T16:24:31","date_gmt":"2026-04-17T14:24:31","guid":{"rendered":"https:\/\/www.shadline.fr\/?page_id=506"},"modified":"2026-04-17T16:24:31","modified_gmt":"2026-04-17T14:24:31","slug":"charte-dutilisation","status":"publish","type":"page","link":"https:\/\/www.shadline.fr\/index.php\/charte-dutilisation\/","title":{"rendered":"Charte d&rsquo;utilisation"},"content":{"rendered":"<p>[et_pb_section fb_built=\u00a0\u00bb1&Prime; admin_label=\u00a0\u00bbHeader\u00a0\u00bb _builder_version=\u00a0\u00bb4.27.5&Prime; _module_preset=\u00a0\u00bb3fb7905b-66f3-47af-b4fd-336ae5bc8bc6&Prime; custom_padding=\u00a0\u00bb||5px|||\u00a0\u00bb locked=\u00a0\u00bboff\u00a0\u00bb collapsed=\u00a0\u00bboff\u00a0\u00bb global_colors_info=\u00a0\u00bb{%22gcid-2a2d16d8-12e5-4520-affe-307c5f5dfb07%22:%91%22background_color%22%93,%22gcid-primary-color%22:%91%22background_color_gradient_stops%22%93}\u00a0\u00bb][et_pb_row _builder_version=\u00a0\u00bb4.27.4&Prime; _module_preset=\u00a0\u00bbdefault\u00a0\u00bb global_colors_info=\u00a0\u00bb{}\u00a0\u00bb][et_pb_column type=\u00a0\u00bb4_4&Prime; _builder_version=\u00a0\u00bb4.27.3&Prime; _module_preset=\u00a0\u00bbdefault\u00a0\u00bb custom_padding=\u00a0\u00bb4%||||false|false\u00a0\u00bb custom_padding_tablet=\u00a0\u00bb0%||||false|false\u00a0\u00bb custom_padding_phone=\u00a0\u00bb0%||||false|false\u00a0\u00bb custom_padding_last_edited=\u00a0\u00bbon|desktop\u00a0\u00bb hover_enabled=\u00a0\u00bb0&Prime; global_colors_info=\u00a0\u00bb{}\u00a0\u00bb sticky_enabled=\u00a0\u00bb0&Prime;][et_pb_heading title=\u00a0\u00bbChartes d&rsquo;utilisation de la solution\u00a0\u00bb _builder_version=\u00a0\u00bb4.27.6&Prime; _module_preset=\u00a0\u00bbdb963588-d74c-47af-af43-ad21ac04a84e\u00a0\u00bb title_text_align=\u00a0\u00bbcenter\u00a0\u00bb custom_margin=\u00a0\u00bb||||false|false\u00a0\u00bb hover_enabled=\u00a0\u00bb0&Prime; global_colors_info=\u00a0\u00bb{}\u00a0\u00bb sticky_enabled=\u00a0\u00bb0&Prime;][\/et_pb_heading][\/et_pb_column][\/et_pb_row][\/et_pb_section][et_pb_section fb_built=\u00a0\u00bb1&Prime; _builder_version=\u00a0\u00bb4.27.5&Prime; _module_preset=\u00a0\u00bbdefault\u00a0\u00bb global_colors_info=\u00a0\u00bb{}\u00a0\u00bb][et_pb_row _builder_version=\u00a0\u00bb4.27.5&Prime; _module_preset=\u00a0\u00bbdefault\u00a0\u00bb global_colors_info=\u00a0\u00bb{}\u00a0\u00bb][et_pb_column type=\u00a0\u00bb4_4&Prime; _builder_version=\u00a0\u00bb4.27.5&Prime; _module_preset=\u00a0\u00bbdefault\u00a0\u00bb global_colors_info=\u00a0\u00bb{}\u00a0\u00bb][et_pb_text _builder_version=\u00a0\u00bb4.27.6&Prime; _module_preset=\u00a0\u00bbdefault\u00a0\u00bb hover_enabled=\u00a0\u00bb0&Prime; global_colors_info=\u00a0\u00bb{}\u00a0\u00bb sticky_enabled=\u00a0\u00bb0&Prime;]<\/p>\n<p><strong>1. OBJET<\/strong><br \/>La pr\u00e9sente charte d\u00e9finit les r\u00e8gles d\u2019utilisation de la solution SHADLINE par tout utilisateur (ci-apr\u00e8s \u00ab l\u2019Utilisateur \u00bb), quel que soit son mode d\u2019acc\u00e8s:<br \/>\u2022 utilisateur rattach\u00e9 \u00e0 une organisation cliente<br \/>\u2022 utilisateur individuel<br \/>\u2022 utilisateur en phase d\u2019essai (freemium)<br \/>\u2022 utilisateur invit\u00e9 (\u00ab guest \u00bb)<\/p>\n<p>Cette charte encadre les conditions d\u2019usage de la solution.<\/p>\n<p>Elle ne se substitue pas aux Conditions G\u00e9n\u00e9rales de Vente, Conditions Particuli\u00e8res, SLA ou engagements RGPD, lorsqu\u2019ils existent.<\/p>\n<p style=\"text-align: justify;\"><strong>2. ACCEPTATION<\/strong><br \/>L\u2019acc\u00e8s \u00e0 la solution implique l\u2019acceptation de la pr\u00e9sente charte.<br \/>Cette acceptation intervient notamment:<br \/>\u2022 lors de la cr\u00e9ation de compte<br \/>\u2022 lors de l\u2019activation d\u2019un acc\u00e8s<br \/>\u2022 ou lors de l\u2019utilisation de la solution<\/p>\n<p><strong>3. PERIMETRE D&rsquo;UTILISATION<\/strong><br \/>La solution SHADLINE est destin\u00e9e \u00e0 :<br \/>\u2022 la gestion de crise<br \/>\u2022 la continuit\u00e9 d\u2019activit\u00e9<br \/>\u2022 la communication s\u00e9curis\u00e9e<br \/>\u2022 le partage de donn\u00e9es essentielles<\/p>\n<p>Limite importante: la solution ne constitue pas, \u00e0 elle seule, un dispositif complet de continuit\u00e9 ou de gestion de crise.<\/p>\n<p>Son efficacit\u00e9 d\u00e9pend:<br \/>\u2022 de l\u2019organisation du Client<br \/>\u2022 de la pr\u00e9paration des utilisateurs<br \/>\u2022 de la mise en \u0153uvre de processus adapt\u00e9s<\/p>\n<p><strong>4. ACCES ET SECURITE<\/strong><br \/>L\u2019Utilisateur s\u2019engage \u00e0 :<br \/>\u2022 conserver ses identifiants confidentiels<br \/>\u2022 ne pas partager son acc\u00e8s<br \/>\u2022 utiliser un mot de passe robuste<br \/>\u2022 activer les dispositifs de s\u00e9curit\u00e9 disponibles<br \/>\u2022 signaler sans d\u00e9lai toute suspicion de compromission de son compte<br \/>L\u2019Utilisateur est responsable de toute utilisation r\u00e9alis\u00e9e via son compte, sauf en cas de d\u00e9faillance technique av\u00e9r\u00e9e imputable au service.<\/p>\n<p><strong>5. REGLES D&rsquo;USAGE<\/strong><br \/>L\u2019Utilisateur s\u2019engage \u00e0 :<br \/>\u2022 utiliser la solution dans un cadre professionnel ou conforme \u00e0 sa finalit\u00e9<br \/>\u2022 ne pas d\u00e9tourner l\u2019usage de la solution<br \/>\u2022 respecter les r\u00e8gles internes de son organisation (le cas \u00e9ch\u00e9ant)<br \/>\u2022 adopter un comportement loyal vis-\u00e0-vis des autres utilisateurs<\/p>\n<p>Il est interdit notamment de :<br \/>\u2022 diffuser des contenus illicites<br \/>\u2022 perturber le fonctionnement du service<br \/>\u2022 utiliser la solution \u00e0 des fins frauduleuses ou malveillantes<br \/>\u2022 tenter d\u2019acc\u00e9der \u00e0 des espaces ou donn\u00e9es non autoris\u00e9s<br \/>\u2022 contourner les m\u00e9canismes de s\u00e9curit\u00e9 mis en place<\/p>\n<p><strong>6. DONNEES ET CONTENUS<\/strong><br \/>L\u2019Utilisateur est responsable :<br \/>\u2022 des donn\u00e9es qu\u2019il d\u00e9pose, partage ou consulte<br \/>\u2022 de leur nature et de leur sensibilit\u00e9<br \/>\u2022 de leur conformit\u00e9 aux r\u00e9glementations applicables<\/p>\n<p>L\u2019Utilisateur s\u2019engage \u00e0 :<br \/>\u2022 ne partager que des informations dont il est autoris\u00e9 \u00e0 disposer<br \/>\u2022 respecter les r\u00e8gles de confidentialit\u00e9 applicables<br \/>\u2022 \u00e9viter toute diffusion de donn\u00e9es non n\u00e9cessaires \u00e0 l\u2019usage de la solution<\/p>\n<p>SHADLINE n\u2019op\u00e8re aucun contr\u00f4le a priori des contenus \u00e9chang\u00e9s.<\/p>\n<p><strong>7. UTILISATEURS INVITES (GUEST)<\/strong><br \/>Les utilisateurs invit\u00e9s :<br \/>\u2022 acc\u00e8dent uniquement aux espaces pour lesquels ils sont autoris\u00e9s<br \/>\u2022 utilisent la solution sous la responsabilit\u00e9 de l\u2019organisation ou de l\u2019utilisateur qui les invite<\/p>\n<p>Ils sont soumis aux m\u00eames r\u00e8gles d\u2019usage que les autres utilisateurs.<\/p>\n<p><strong>8. ADMINISTRATION ET GOUVERNANCE<\/strong><br \/>Dans le cadre d\u2019un usage en organisation :<br \/>\u2022 les droits d\u2019acc\u00e8s sont d\u00e9finis par le Client<br \/>\u2022 la gestion des utilisateurs rel\u00e8ve de sa responsabilit\u00e9<br \/>\u2022 les r\u00e8gles internes peuvent compl\u00e9ter la pr\u00e9sente charte<\/p>\n<p><strong>9. NON RESPECT<\/strong><br \/>Tout manquement \u00e0 la pr\u00e9sente charte peut entra\u00eener :<br \/>\u2022 la suspension ou la suppression de l\u2019acc\u00e8s<br \/>\u2022 des mesures internes \u00e0 l\u2019organisation concern\u00e9e<\/p>\n<p><strong>10. EVOLUTION<\/strong><br \/>La pr\u00e9sente charte peut \u00eatre modifi\u00e9e afin de prendre en compte :<br \/>\u2022 les \u00e9volutions de la solution<br \/>\u2022 les retours d\u2019exp\u00e9rience<br \/>\u2022 les exigences de s\u00e9curit\u00e9<br \/>La version en vigueur est celle accessible via la solution.<\/p>\n<p>[\/et_pb_text][\/et_pb_column][\/et_pb_row][et_pb_row _builder_version=\u00a0\u00bb4.27.5&Prime; _module_preset=\u00a0\u00bbdefault\u00a0\u00bb global_colors_info=\u00a0\u00bb{}\u00a0\u00bb][et_pb_column type=\u00a0\u00bb4_4&Prime; _builder_version=\u00a0\u00bb4.27.5&Prime; _module_preset=\u00a0\u00bbdefault\u00a0\u00bb global_colors_info=\u00a0\u00bb{}\u00a0\u00bb][et_pb_divider _builder_version=\u00a0\u00bb4.27.5&Prime; _module_preset=\u00a0\u00bbdefault\u00a0\u00bb global_colors_info=\u00a0\u00bb{}\u00a0\u00bb][\/et_pb_divider][\/et_pb_column][\/et_pb_row][\/et_pb_section][et_pb_section fb_built=\u00a0\u00bb1&Prime; _builder_version=\u00a0\u00bb4.27.5&Prime; _module_preset=\u00a0\u00bbdefault\u00a0\u00bb locked=\u00a0\u00bboff\u00a0\u00bb global_colors_info=\u00a0\u00bb{}\u00a0\u00bb][et_pb_row _builder_version=\u00a0\u00bb4.27.5&Prime; _module_preset=\u00a0\u00bbdefault\u00a0\u00bb global_colors_info=\u00a0\u00bb{}\u00a0\u00bb][et_pb_column type=\u00a0\u00bb4_4&Prime; _builder_version=\u00a0\u00bb4.27.5&Prime; _module_preset=\u00a0\u00bbdefault\u00a0\u00bb global_colors_info=\u00a0\u00bb{}\u00a0\u00bb][et_pb_heading title=\u00a0\u00bbConfiance num\u00e9rique\u00a0\u00bb _builder_version=\u00a0\u00bb4.27.5&Prime; _module_preset=\u00a0\u00bbdb963588-d74c-47af-af43-ad21ac04a84e\u00a0\u00bb title_text_align=\u00a0\u00bbcenter\u00a0\u00bb title_text_color=\u00a0\u00bbgcid-secondary-color\u00a0\u00bb global_colors_info=\u00a0\u00bb{%22gcid-secondary-color%22:%91%22title_text_color%22%93}\u00a0\u00bb][\/et_pb_heading][\/et_pb_column][\/et_pb_row][et_pb_row column_structure=\u00a0\u00bb1_3,1_3,1_3&Prime; _builder_version=\u00a0\u00bb4.27.5&Prime; _module_preset=\u00a0\u00bbdefault\u00a0\u00bb global_colors_info=\u00a0\u00bb{}\u00a0\u00bb][et_pb_column type=\u00a0\u00bb1_3&Prime; _builder_version=\u00a0\u00bb4.27.5&Prime; _module_preset=\u00a0\u00bbdefault\u00a0\u00bb global_colors_info=\u00a0\u00bb{}\u00a0\u00bb][et_pb_text _builder_version=\u00a0\u00bb4.27.5&Prime; _module_preset=\u00a0\u00bb9adf408f-f08b-4239-84a8-c18cf4399e79&Prime; text_orientation=\u00a0\u00bbcenter\u00a0\u00bb global_colors_info=\u00a0\u00bb{}\u00a0\u00bb]<\/p>\n<p>MADE IN FRANCE<\/p>\n<p>[\/et_pb_text][\/et_pb_column][et_pb_column type=\u00a0\u00bb1_3&Prime; _builder_version=\u00a0\u00bb4.27.5&Prime; _module_preset=\u00a0\u00bbdefault\u00a0\u00bb global_colors_info=\u00a0\u00bb{}\u00a0\u00bb][et_pb_text _builder_version=\u00a0\u00bb4.27.5&Prime; _module_preset=\u00a0\u00bb9adf408f-f08b-4239-84a8-c18cf4399e79&Prime; text_orientation=\u00a0\u00bbcenter\u00a0\u00bb global_colors_info=\u00a0\u00bb{}\u00a0\u00bb]<\/p>\n<p>CONFORMITE<\/p>\n<p>[\/et_pb_text][\/et_pb_column][et_pb_column type=\u00a0\u00bb1_3&Prime; _builder_version=\u00a0\u00bb4.27.5&Prime; _module_preset=\u00a0\u00bbdefault\u00a0\u00bb global_colors_info=\u00a0\u00bb{}\u00a0\u00bb][et_pb_text _builder_version=\u00a0\u00bb4.27.5&Prime; _module_preset=\u00a0\u00bb9adf408f-f08b-4239-84a8-c18cf4399e79&Prime; text_orientation=\u00a0\u00bbcenter\u00a0\u00bb global_colors_info=\u00a0\u00bb{}\u00a0\u00bb]<\/p>\n<p>SECURITY<\/p>\n<p>[\/et_pb_text][\/et_pb_column][\/et_pb_row][et_pb_row column_structure=\u00a0\u00bb1_3,1_3,1_3&Prime; _builder_version=\u00a0\u00bb4.27.5&Prime; _module_preset=\u00a0\u00bbdefault\u00a0\u00bb global_colors_info=\u00a0\u00bb{}\u00a0\u00bb][et_pb_column type=\u00a0\u00bb1_3&Prime; _builder_version=\u00a0\u00bb4.27.5&Prime; _module_preset=\u00a0\u00bbdefault\u00a0\u00bb global_colors_info=\u00a0\u00bb{}\u00a0\u00bb][et_pb_text _builder_version=\u00a0\u00bb4.27.5&Prime; _module_preset=\u00a0\u00bbdefault\u00a0\u00bb text_orientation=\u00a0\u00bbcenter\u00a0\u00bb global_colors_info=\u00a0\u00bb{}\u00a0\u00bb]<\/p>\n<p>H\u00e9bergement HDS et techno 100 % France<\/p>\n<p>[\/et_pb_text][\/et_pb_column][et_pb_column type=\u00a0\u00bb1_3&Prime; _builder_version=\u00a0\u00bb4.27.5&Prime; _module_preset=\u00a0\u00bbdefault\u00a0\u00bb global_colors_info=\u00a0\u00bb{}\u00a0\u00bb][et_pb_text _builder_version=\u00a0\u00bb4.27.5&Prime; _module_preset=\u00a0\u00bbdefault\u00a0\u00bb text_orientation=\u00a0\u00bbcenter\u00a0\u00bb global_colors_info=\u00a0\u00bb{}\u00a0\u00bb]<\/p>\n<p>Exigences RGPD, ISO 27001, NIS2, DORA<\/p>\n<p>[\/et_pb_text][\/et_pb_column][et_pb_column type=\u00a0\u00bb1_3&Prime; _builder_version=\u00a0\u00bb4.27.5&Prime; _module_preset=\u00a0\u00bbdefault\u00a0\u00bb global_colors_info=\u00a0\u00bb{}\u00a0\u00bb][et_pb_text _builder_version=\u00a0\u00bb4.27.5&Prime; _module_preset=\u00a0\u00bbdefault\u00a0\u00bb text_orientation=\u00a0\u00bbcenter\u00a0\u00bb global_colors_info=\u00a0\u00bb{}\u00a0\u00bb]<\/p>\n<p>By Design, la plus s\u00e9curis\u00e9e du march\u00e9<\/p>\n<p>[\/et_pb_text][\/et_pb_column][\/et_pb_row][et_pb_row _builder_version=\u00a0\u00bb4.27.5&Prime; _module_preset=\u00a0\u00bbdefault\u00a0\u00bb global_colors_info=\u00a0\u00bb{}\u00a0\u00bb][et_pb_column type=\u00a0\u00bb4_4&Prime; _builder_version=\u00a0\u00bb4.27.5&Prime; _module_preset=\u00a0\u00bbdefault\u00a0\u00bb global_colors_info=\u00a0\u00bb{}\u00a0\u00bb][et_pb_divider _builder_version=\u00a0\u00bb4.27.5&Prime; _module_preset=\u00a0\u00bbdefault\u00a0\u00bb global_colors_info=\u00a0\u00bb{}\u00a0\u00bb][\/et_pb_divider][\/et_pb_column][\/et_pb_row][\/et_pb_section][et_pb_section fb_built=\u00a0\u00bb1&Prime; _builder_version=\u00a0\u00bb4.27.5&Prime; _module_preset=\u00a0\u00bbdefault\u00a0\u00bb locked=\u00a0\u00bboff\u00a0\u00bb global_colors_info=\u00a0\u00bb{}\u00a0\u00bb][et_pb_row column_structure=\u00a0\u00bb1_3,1_3,1_3&Prime; _builder_version=\u00a0\u00bb4.27.5&Prime; _module_preset=\u00a0\u00bbdefault\u00a0\u00bb global_colors_info=\u00a0\u00bb{}\u00a0\u00bb][et_pb_column type=\u00a0\u00bb1_3&Prime; _builder_version=\u00a0\u00bb4.27.5&Prime; _module_preset=\u00a0\u00bbdefault\u00a0\u00bb global_colors_info=\u00a0\u00bb{}\u00a0\u00bb][et_pb_image src=\u00a0\u00bbhttps:\/\/www.shadline.fr\/wp-content\/uploads\/2025\/12\/CYBIAH.jpg\u00a0\u00bb title_text=\u00a0\u00bbCYBIAH\u00a0\u00bb align=\u00a0\u00bbcenter\u00a0\u00bb _builder_version=\u00a0\u00bb4.27.5&Prime; _module_preset=\u00a0\u00bbdefault\u00a0\u00bb global_colors_info=\u00a0\u00bb{}\u00a0\u00bb][\/et_pb_image][\/et_pb_column][et_pb_column type=\u00a0\u00bb1_3&Prime; _builder_version=\u00a0\u00bb4.27.5&Prime; _module_preset=\u00a0\u00bbdefault\u00a0\u00bb global_colors_info=\u00a0\u00bb{}\u00a0\u00bb][et_pb_image src=\u00a0\u00bbhttps:\/\/www.shadline.fr\/wp-content\/uploads\/2025\/12\/bzh.png\u00a0\u00bb title_text=\u00a0\u00bbbzh\u00a0\u00bb align=\u00a0\u00bbcenter\u00a0\u00bb _builder_version=\u00a0\u00bb4.27.5&Prime; _module_preset=\u00a0\u00bbdefault\u00a0\u00bb global_colors_info=\u00a0\u00bb{}\u00a0\u00bb][\/et_pb_image][\/et_pb_column][et_pb_column type=\u00a0\u00bb1_3&Prime; _builder_version=\u00a0\u00bb4.27.5&Prime; _module_preset=\u00a0\u00bbdefault\u00a0\u00bb global_colors_info=\u00a0\u00bb{}\u00a0\u00bb][et_pb_image src=\u00a0\u00bbhttps:\/\/www.shadline.fr\/wp-content\/uploads\/2025\/12\/logos_POOOLxFT_horizontal_Plan-de-travail-1-copie-2-scaled.png\u00a0\u00bb title_text=\u00a0\u00bblogos_POOOLxFT_horizontal_Plan de travail 1 copie 2&Prime; show_bottom_space=\u00a0\u00bboff\u00a0\u00bb align=\u00a0\u00bbcenter\u00a0\u00bb _builder_version=\u00a0\u00bb4.27.5&Prime; _module_preset=\u00a0\u00bbdefault\u00a0\u00bb custom_margin=\u00a0\u00bb-13px||||false|false\u00a0\u00bb global_colors_info=\u00a0\u00bb{}\u00a0\u00bb][\/et_pb_image][\/et_pb_column][\/et_pb_row][et_pb_row column_structure=\u00a0\u00bb1_2,1_2&Prime; _builder_version=\u00a0\u00bb4.27.5&Prime; _module_preset=\u00a0\u00bbdefault\u00a0\u00bb global_colors_info=\u00a0\u00bb{}\u00a0\u00bb][et_pb_column type=\u00a0\u00bb1_2&Prime; _builder_version=\u00a0\u00bb4.27.5&Prime; _module_preset=\u00a0\u00bbdefault\u00a0\u00bb global_colors_info=\u00a0\u00bb{}\u00a0\u00bb][et_pb_image src=\u00a0\u00bbhttps:\/\/www.shadline.fr\/wp-content\/uploads\/2025\/12\/UGAP.png\u00a0\u00bb title_text=\u00a0\u00bbUGAP\u00a0\u00bb align=\u00a0\u00bbcenter\u00a0\u00bb _builder_version=\u00a0\u00bb4.27.5&Prime; _module_preset=\u00a0\u00bbdefault\u00a0\u00bb width=\u00a0\u00bb32%\u00a0\u00bb module_alignment=\u00a0\u00bbcenter\u00a0\u00bb global_colors_info=\u00a0\u00bb{}\u00a0\u00bb][\/et_pb_image][\/et_pb_column][et_pb_column type=\u00a0\u00bb1_2&Prime; _builder_version=\u00a0\u00bb4.27.5&Prime; _module_preset=\u00a0\u00bbdefault\u00a0\u00bb global_colors_info=\u00a0\u00bb{}\u00a0\u00bb][et_pb_image src=\u00a0\u00bbhttps:\/\/www.shadline.fr\/wp-content\/uploads\/2025\/12\/CRAYON.png\u00a0\u00bb title_text=\u00a0\u00bbCRAYON\u00a0\u00bb align=\u00a0\u00bbcenter\u00a0\u00bb _builder_version=\u00a0\u00bb4.27.5&Prime; _module_preset=\u00a0\u00bbdefault\u00a0\u00bb width=\u00a0\u00bb21%\u00a0\u00bb global_colors_info=\u00a0\u00bb{}\u00a0\u00bb][\/et_pb_image][\/et_pb_column][\/et_pb_row][et_pb_row _builder_version=\u00a0\u00bb4.27.5&Prime; _module_preset=\u00a0\u00bbdefault\u00a0\u00bb global_colors_info=\u00a0\u00bb{}\u00a0\u00bb][et_pb_column type=\u00a0\u00bb4_4&Prime; _builder_version=\u00a0\u00bb4.27.5&Prime; _module_preset=\u00a0\u00bbdefault\u00a0\u00bb global_colors_info=\u00a0\u00bb{}\u00a0\u00bb][et_pb_divider _builder_version=\u00a0\u00bb4.27.5&Prime; _module_preset=\u00a0\u00bbdefault\u00a0\u00bb global_colors_info=\u00a0\u00bb{}\u00a0\u00bb][\/et_pb_divider][\/et_pb_column][\/et_pb_row][\/et_pb_section]<\/p>\n","protected":false},"excerpt":{"rendered":"<p>1. OBJETLa pr\u00e9sente charte d\u00e9finit les r\u00e8gles d\u2019utilisation de la solution SHADLINE par tout utilisateur (ci-apr\u00e8s \u00ab l\u2019Utilisateur \u00bb), quel que soit son mode d\u2019acc\u00e8s:\u2022 utilisateur rattach\u00e9 \u00e0 une organisation cliente\u2022 utilisateur individuel\u2022 utilisateur en phase d\u2019essai (freemium)\u2022 utilisateur invit\u00e9 (\u00ab guest \u00bb) Cette charte encadre les conditions d\u2019usage de la solution. Elle ne se [&hellip;]<\/p>\n","protected":false},"author":1,"featured_media":0,"parent":0,"menu_order":0,"comment_status":"closed","ping_status":"closed","template":"","meta":{"_et_pb_use_builder":"on","_et_pb_old_content":"","_et_gb_content_width":"","footnotes":""},"class_list":["post-506","page","type-page","status-publish","hentry"],"_links":{"self":[{"href":"https:\/\/www.shadline.fr\/index.php\/wp-json\/wp\/v2\/pages\/506","targetHints":{"allow":["GET"]}}],"collection":[{"href":"https:\/\/www.shadline.fr\/index.php\/wp-json\/wp\/v2\/pages"}],"about":[{"href":"https:\/\/www.shadline.fr\/index.php\/wp-json\/wp\/v2\/types\/page"}],"author":[{"embeddable":true,"href":"https:\/\/www.shadline.fr\/index.php\/wp-json\/wp\/v2\/users\/1"}],"replies":[{"embeddable":true,"href":"https:\/\/www.shadline.fr\/index.php\/wp-json\/wp\/v2\/comments?post=506"}],"version-history":[{"count":4,"href":"https:\/\/www.shadline.fr\/index.php\/wp-json\/wp\/v2\/pages\/506\/revisions"}],"predecessor-version":[{"id":513,"href":"https:\/\/www.shadline.fr\/index.php\/wp-json\/wp\/v2\/pages\/506\/revisions\/513"}],"wp:attachment":[{"href":"https:\/\/www.shadline.fr\/index.php\/wp-json\/wp\/v2\/media?parent=506"}],"curies":[{"name":"wp","href":"https:\/\/api.w.org\/{rel}","templated":true}]}}